{"id":3123,"date":"2024-02-20T22:18:16","date_gmt":"2024-02-20T22:18:16","guid":{"rendered":"http:\/\/www.piemontewine.al\/?post_type=product&#038;p=3123"},"modified":"2024-11-13T12:50:24","modified_gmt":"2024-11-13T12:50:24","slug":"cuvee-prestige-rose-brut","status":"publish","type":"product","link":"https:\/\/www.piemontewine.al\/en\/product\/cuvee-prestige-rose-brut\/","title":{"rendered":"Cuv\u00e9e Prestige Rose Brut"},"content":{"rendered":"","protected":false},"excerpt":{"rendered":"<p><!--\n\n\n<div style=\"display: flex; flex-flow: row; align-items: center; font-size: 22px;\">\n\n\n<div><img loading=\"lazy\" decoding=\"async\" class=\"alignnone size-full wp-image-3209\" src=\"http:\/\/www.piemontewine.al\/wp-content\/uploads\/2024\/02\/location_64.png\" alt=\"\" width=\"32\" height=\"32\" \/><\/div>\n\n\n\n\n<div style=\"padding-left: 25px;\">Piemonte, Italy<\/div>\n\n\n<\/div>\n\n\n\n\n<div style=\"display: flex; flex-flow: row; align-items: center; font-size: 22px;\">\n\n\n<div><img loading=\"lazy\" decoding=\"async\" class=\"alignnone size-full wp-image-3199\" src=\"http:\/\/www.piemontewine.al\/wp-content\/uploads\/2024\/02\/grape-1.png\" alt=\"\" width=\"32\" height=\"32\" \/><\/div>\n\n\n\n\n<div style=\"padding-left: 25px;\">Cuvee<\/div>\n\n\n<\/div>\n\n\n\n\n<div style=\"display: flex; flex-flow: row; align-items: center; font-size: 22px;\">\n\n\n<div><img loading=\"lazy\" decoding=\"async\" class=\"alignnone size-full wp-image-3210\" src=\"http:\/\/www.piemontewine.al\/wp-content\/uploads\/2024\/02\/category_64.png\" alt=\"\" width=\"32\" height=\"32\" \/><\/div>\n\n\n\n\n<div style=\"padding-left: 25px;\">Sparkling Brut Rose<\/div>\n\n\n<\/div>\n\n\n\n\n<div style=\"display: flex; flex-flow: row; align-items: center; font-size: 22px;\">\n\n\n<div>\n<img loading=\"lazy\" decoding=\"async\" src=\"http:\/\/www.piemontewine.al\/wp-content\/uploads\/2024\/02\/alchool_64.png\" alt=\"\" width=\"32\" height=\"32\" class=\"alignnone size-full wp-image-3212\" \/><\/div>\n\n\n\n\n<div style=\"padding-left: 25px;\">11 %<\/div>\n\n\n<\/div>\n\n\n\n\n<div style=\"display: flex; flex-flow: row; font-size: 22px;\">\n\n\n<div style=\"width:30%\"><img loading=\"lazy\" decoding=\"async\" class=\"alignnone size-full wp-image-3211\" src=\"http:\/\/www.piemontewine.al\/wp-content\/uploads\/2024\/02\/job-description_64.png\" alt=\"\" width=\"32\" height=\"32\" \/><\/div>\n\n\n\n\n<div style=\"padding-left: 25px;\">\u00cbsht\u00eb nj\u00eb ver\u00eb e gazuar me ngjyr\u00eb roz\u00eb t\u00eb shk\u00eblqyeshme. Ka nj\u00eb intensitet t\u00eb mir\u00eb n\u00eb hund\u00eb, duke shfaqur parfume t\u00eb vogla manaferrash t\u00eb kuqe t\u00eb shoq\u00ebruara me nota lulesh tr\u00ebndafili. Shija \u00ebsht\u00eb e fresk\u00ebt dhe e that\u00eb. \u00cbsht\u00eb e leht\u00eb dhe e k\u00ebndshme p\u00ebr t'u pir\u00eb, duke l\u00ebn\u00eb nj\u00eb vazhdimesi te kendshme. Ver\u00eb me trup t\u00eb plot\u00eb me ekuilib\u00ebr t\u00eb p\u00ebrsosur.<\/div>\n\n\n<\/div>\n\n\n\n\n<div style=\"display: flex; flex-flow: row; font-size: 22px;\">\n\n\n<div style=\"width:30%\"><img loading=\"lazy\" decoding=\"async\" class=\"alignnone size-full wp-image-3213\" src=\"http:\/\/www.piemontewine.al\/wp-content\/uploads\/2024\/02\/fork_64.png\" alt=\"\" width=\"32\" height=\"32\" \/><\/div>\n\n\n\n\n<div style=\"padding-left: 25px;\">Kombinimi me ushqimin : Rekomandohet t\u00eb kombinohet me gatime t\u00eb ndryshme, duke filluar nga pjatat e para, perime t\u00eb pjekura n\u00eb skar\u00eb, mish t\u00eb bardh\u00eb apo gatime peshku dhe djath\u00ebra t\u00eb \u00e7do lloji.<\/div>\n\n\n<\/div>\n\n\n--><\/p>\n<div class=\"row\">\n<div class=\"column1\"><img loading=\"lazy\" decoding=\"async\" class=\"alignnone size-full wp-image-3209\" src=\"http:\/\/www.piemontewine.al\/wp-content\/uploads\/2024\/02\/location_64.png\" alt=\"\" width=\"32\" height=\"32\" \/><\/div>\n<div class=\"column2\">\n<p>Piemonte, Itali<\/p>\n<\/div>\n<\/div>\n<div class=\"row\">\n<div class=\"column1\"><img loading=\"lazy\" decoding=\"async\" class=\"alignnone size-full wp-image-3199\" src=\"http:\/\/www.piemontewine.al\/wp-content\/uploads\/2024\/02\/grape-1.png\" alt=\"\" width=\"32\" height=\"32\" \/><\/div>\n<div class=\"column2\">\n<p>Cuvee<\/p>\n<\/div>\n<\/div>\n<div class=\"row\">\n<div class=\"column1\"><img loading=\"lazy\" decoding=\"async\" class=\"alignnone size-full wp-image-3210\" src=\"http:\/\/www.piemontewine.al\/wp-content\/uploads\/2024\/02\/category_64.png\" alt=\"\" width=\"32\" height=\"32\" \/><\/div>\n<div class=\"column2\">\n<p>Sparkling Brut Rose<\/p>\n<\/div>\n<\/div>\n<div class=\"row\">\n<div class=\"column1\"><img loading=\"lazy\" decoding=\"async\" class=\"alignnone size-full wp-image-3212\" src=\"http:\/\/www.piemontewine.al\/wp-content\/uploads\/2024\/02\/alchool_64.png\" alt=\"\" width=\"32\" height=\"32\" \/><\/div>\n<div class=\"column2\">\n<p>11 %<\/p>\n<\/div>\n<\/div>\n<div class=\"row\">\n<div class=\"column1\"><img loading=\"lazy\" decoding=\"async\" class=\"alignnone size-thumbnail wp-image-3254\" src=\"http:\/\/www.piemontewine.al\/wp-content\/uploads\/2024\/02\/job-description_32_v2.png\" alt=\"\" width=\"32\" height=\"32\" \/><\/div>\n<div class=\"column2\">\n<p>It is a sparkling wine with a brilliant pink color. It has good intensity on the nose, showing small red berry perfumes accompanied by rose flower notes. The taste is fresh and dry. It is easy and pleasant to drink, leaving a pleasant aftertaste. Full bodied wine with perfect balance.<\/p>\n<\/div>\n<\/div>\n<div class=\"row\">\n<div class=\"column1\"><img loading=\"lazy\" decoding=\"async\" class=\"alignnone size-full wp-image-3213\" src=\"http:\/\/www.piemontewine.al\/wp-content\/uploads\/2024\/02\/fork_64.png\" alt=\"\" width=\"32\" height=\"32\" \/><\/div>\n<div class=\"column2\">\n<p>It is recommended to combine with different dishes, starting from first courses, grilled vegetables, dishes with white meat or fish and cheeses of any kind.<\/p>\n<\/div>\n<\/div>","protected":false},"featured_media":3275,"comment_status":"open","ping_status":"closed","template":"","meta":[],"product_cat":[186,58,61,50,60,42],"product_tag":[],"class_list":{"0":"post-3123","1":"product","2":"type-product","3":"status-publish","4":"has-post-thumbnail","6":"product_cat-abbazia-piemonte","7":"product_cat-vere-roze","8":"product_cat-roze-abbazia","9":"product_cat-te-gazuar-abbazia","10":"product_cat-vere-te-gazuara","11":"product_cat-te-gjitha-abbazia","13":"first","14":"instock","15":"shipping-taxable","16":"product-type-simple"},"acf":[],"_links":{"self":[{"href":"https:\/\/www.piemontewine.al\/en\/wp-json\/wp\/v2\/product\/3123","targetHints":{"allow":["GET"]}}],"collection":[{"href":"https:\/\/www.piemontewine.al\/en\/wp-json\/wp\/v2\/product"}],"about":[{"href":"https:\/\/www.piemontewine.al\/en\/wp-json\/wp\/v2\/types\/product"}],"replies":[{"embeddable":true,"href":"https:\/\/www.piemontewine.al\/en\/wp-json\/wp\/v2\/comments?post=3123"}],"wp:featuredmedia":[{"embeddable":true,"href":"https:\/\/www.piemontewine.al\/en\/wp-json\/wp\/v2\/media\/3275"}],"wp:attachment":[{"href":"https:\/\/www.piemontewine.al\/en\/wp-json\/wp\/v2\/media?parent=3123"}],"wp:term":[{"taxonomy":"product_cat","embeddable":true,"href":"https:\/\/www.piemontewine.al\/en\/wp-json\/wp\/v2\/product_cat?post=3123"},{"taxonomy":"product_tag","embeddable":true,"href":"https:\/\/www.piemontewine.al\/en\/wp-json\/wp\/v2\/product_tag?post=3123"}],"curies":[{"name":"wp","href":"https:\/\/api.w.org\/{rel}","templated":true}]}}