{"id":490,"date":"2016-03-21T12:18:13","date_gmt":"2016-03-21T12:18:13","guid":{"rendered":"http:\/\/okthemes.com\/villenoirdemonew\/?page_id=490"},"modified":"2024-11-13T09:43:31","modified_gmt":"2024-11-13T09:43:31","slug":"historiku","status":"publish","type":"page","link":"https:\/\/www.piemontewine.al\/en\/historiku\/","title":{"rendered":"OUR STORY"},"content":{"rendered":"<div class=\"wpb-content-wrapper\"><div data-vc-full-width=\"true\" data-vc-full-width-init=\"false\" data-vc-stretch-content=\"true\" class=\"vc_row wpb_row vc_row-fluid vc_custom_1731403559375 vc_row-has-fill vc_row-no-padding vc_row-o-equal-height vc_row-o-content-middle vc_row-flex\"><div class=\"wpb_animate_when_almost_visible wpb_kd-animated fadeInLeft animation-delay-200 kd-animated fadeInLeft animation-delay-200 wpb_column vc_column_container vc_col-sm-6 vc_col-lg-6 vc_col-md-6 vc_col-has-fill\"><div class=\"vc_column-inner  vc_custom_1731399466672\"><div class=\"wpb_wrapper\"><style>@media (max-width: 991px) {.spacer-1621015760 {height: 500px !important;}}<\/style><style>@media (max-width: 480px) {.spacer-1621015760 {height: 350px !important;}}<\/style><div class=\"vc_empty_space spacer-1621015760\"   style=\"height: 700px\"><span class=\"vc_empty_space_inner\"><\/span><\/div><\/div><\/div><\/div><div class=\"wpb_animate_when_almost_visible wpb_kd-animated fadeInRight animation-delay-200 kd-animated fadeInRight animation-delay-200 wpb_column vc_column_container vc_col-sm-6 vc_col-lg-6 vc_col-md-6\"><div class=\"vc_column-inner  vc_custom_1708794275794 vc_custom_1708794275796\"><div class=\"wpb_wrapper\">\n\t<div class=\"title-subtitle-box\" style=\" text-align: left;\">\n\t\t<h2 style=\" color:#b0976d;  font-style: normal;\">Who we are?<\/h2>\n\t<\/div> \n\t<div class=\"wpb_text_column wpb_content_element  vc_custom_1713712192296 vc_custom_1713712192297\" >\n\t\t<div class=\"wpb_wrapper\">\n\t\t\t<p><span style=\"font-weight: 400;\">We are Piemonte Wine, a company founded in 2017 based in Tirana, Albania.<\/span><\/p>\n<p><span style=\"font-weight: 400;\">Basically we are distributors of Italian wines in cities such as Tirana, Vlora, Durres, Saranda, Lezha and Shkodra and recently throughout Albania.<\/span><\/p>\n<p><span style=\"font-weight: 400;\">Our name Piemonte Wine comes from the fact that we started with a company in Piedmont.<\/span><\/p>\n\n\t\t<\/div>\n\t<\/div>\n<\/div><\/div><\/div><\/div><div class=\"vc_row-full-width vc_clearfix\"><\/div><div data-vc-full-width=\"true\" data-vc-full-width-init=\"false\" data-vc-stretch-content=\"true\" class=\"vc_row wpb_row vc_row-fluid swap-on-mobile vc_custom_1710974217446 vc_row-no-padding vc_row-o-equal-height vc_row-o-content-middle vc_row-flex\"><div class=\"wpb_animate_when_almost_visible wpb_kd-animated fadeInLeft animation-delay-200 kd-animated fadeInLeft animation-delay-200 wpb_column vc_column_container vc_col-sm-6 vc_col-lg-6 vc_col-md-6 vc_col-has-fill\"><div class=\"vc_column-inner  vc_custom_1708795979241 vc_custom_1708795979241\"><div class=\"wpb_wrapper\">\n\t<div class=\"title-subtitle-box\" style=\" text-align: left;\">\n\t\t<h2 style=\" color:#b0976d;  font-style: normal;\">Who we cooperate with<\/h2>\n\t<\/div> \n\t<div class=\"wpb_text_column wpb_content_element  vc_custom_1712932902593 vc_custom_1712932902593\" >\n\t\t<div class=\"wpb_wrapper\">\n\t\t\t<p>Values and trust for mutual growth have built continuous and stable relationships with all our partners. The company is constantly expanding both in the number of representative wineries for Albania and in the number of bottles sold each year.<\/p>\n\n\t\t<\/div>\n\t<\/div>\n<\/div><\/div><\/div><div class=\"wpb_animate_when_almost_visible wpb_kd-animated fadeInRight animation-delay-200 kd-animated fadeInRight animation-delay-200 wpb_column vc_column_container vc_col-sm-6 vc_col-lg-6 vc_col-md-6 vc_col-has-fill\"><div class=\"vc_column-inner  vc_custom_1731490999086\"><div class=\"wpb_wrapper\"><style>@media (max-width: 991px) {.spacer-1489018717 {height: 500px !important;}}<\/style><style>@media (max-width: 480px) {.spacer-1489018717 {height: 350px !important;}}<\/style><div class=\"vc_empty_space spacer-1489018717\"   style=\"height: 700px\"><span class=\"vc_empty_space_inner\"><\/span><\/div><\/div><\/div><\/div><\/div><div class=\"vc_row-full-width vc_clearfix\"><\/div><div data-vc-full-width=\"true\" data-vc-full-width-init=\"false\" data-vc-stretch-content=\"true\" class=\"vc_row wpb_row vc_row-fluid vc_custom_1731403574783 vc_row-has-fill vc_row-no-padding vc_row-o-equal-height vc_row-o-content-middle vc_row-flex\"><div class=\"wpb_animate_when_almost_visible wpb_kd-animated fadeInLeft animation-delay-200 kd-animated fadeInLeft animation-delay-200 wpb_column vc_column_container vc_col-sm-6 vc_col-lg-6 vc_col-md-6 vc_col-has-fill\"><div class=\"vc_column-inner  vc_custom_1731490205038\"><div class=\"wpb_wrapper\"><style>@media (max-width: 991px) {.spacer-634869904 {height: 500px !important;}}<\/style><style>@media (max-width: 480px) {.spacer-634869904 {height: 350px !important;}}<\/style><div class=\"vc_empty_space spacer-634869904\"   style=\"height: 700px\"><span class=\"vc_empty_space_inner\"><\/span><\/div><\/div><\/div><\/div><div class=\"wpb_animate_when_almost_visible wpb_kd-animated fadeInRight animation-delay-200 kd-animated fadeInRight animation-delay-200 wpb_column vc_column_container vc_col-sm-6 vc_col-lg-6 vc_col-md-6\"><div class=\"vc_column-inner  vc_custom_1708795938720 vc_custom_1708795938721\"><div class=\"wpb_wrapper\">\n\t<div class=\"title-subtitle-box\" style=\" text-align: left;\">\n\t\t<h2 style=\" color:#b0976d;  font-style: normal;\">What do we offer you?<\/h2>\n\t<\/div> \n\t<div class=\"wpb_text_column wpb_content_element  vc_custom_1712932976725 vc_custom_1712932976726\" >\n\t\t<div class=\"wpb_wrapper\">\n\t\t\t<p>Our mission is to offer quality wine in accordance with the requirements of the Albanian market. Seriousness and careful service make us one of the distributors with a very good position in the market and growing rapidly. We take care to offer valuable propositions and occasional treats to our Horeca customers. We ensure that our products are as close as possible to the consumer through a distribution network that works well not only in Tirana but also in major cities such as Durr\u00ebs, Lezh\u00eb, Vlor\u00eb, Sarand\u00eb, Kor\u00e7\u00eb, etc.<\/p>\n\n\t\t<\/div>\n\t<\/div>\n<\/div><\/div><\/div><\/div><div class=\"vc_row-full-width vc_clearfix\"><\/div>\n<\/div>","protected":false},"excerpt":{"rendered":"Kush jemi ne? Ne jemi Piemonte Wine, nj\u00eb kompani e themeluar n\u00eb vitin 2017 me qend\u00ebr n\u00eb Tiran\u00eb, Shqip\u00ebri. N\u00eb thelb ne jemi distributore t\u00eb ver\u00ebrave italiane n\u00eb qytete si<br class=\"read-more-spacer\"> <a class=\"more-link\" href=\"https:\/\/www.piemontewine.al\/en\/historiku\/\">Read More<\/a>","protected":false},"author":1,"featured_media":4386,"parent":0,"menu_order":0,"comment_status":"closed","ping_status":"closed","template":"","meta":{"footnotes":""},"class_list":["post-490","page","type-page","status-publish","has-post-thumbnail","hentry"],"acf":[],"_links":{"self":[{"href":"https:\/\/www.piemontewine.al\/en\/wp-json\/wp\/v2\/pages\/490","targetHints":{"allow":["GET"]}}],"collection":[{"href":"https:\/\/www.piemontewine.al\/en\/wp-json\/wp\/v2\/pages"}],"about":[{"href":"https:\/\/www.piemontewine.al\/en\/wp-json\/wp\/v2\/types\/page"}],"author":[{"embeddable":true,"href":"https:\/\/www.piemontewine.al\/en\/wp-json\/wp\/v2\/users\/1"}],"replies":[{"embeddable":true,"href":"https:\/\/www.piemontewine.al\/en\/wp-json\/wp\/v2\/comments?post=490"}],"version-history":[{"count":103,"href":"https:\/\/www.piemontewine.al\/en\/wp-json\/wp\/v2\/pages\/490\/revisions"}],"predecessor-version":[{"id":4444,"href":"https:\/\/www.piemontewine.al\/en\/wp-json\/wp\/v2\/pages\/490\/revisions\/4444"}],"wp:featuredmedia":[{"embeddable":true,"href":"https:\/\/www.piemontewine.al\/en\/wp-json\/wp\/v2\/media\/4386"}],"wp:attachment":[{"href":"https:\/\/www.piemontewine.al\/en\/wp-json\/wp\/v2\/media?parent=490"}],"curies":[{"name":"wp","href":"https:\/\/api.w.org\/{rel}","templated":true}]}}