{"id":2552,"date":"2024-01-29T20:39:43","date_gmt":"2024-01-29T20:39:43","guid":{"rendered":"http:\/\/www.piemontewine.al\/?page_id=2552"},"modified":"2024-11-13T10:20:46","modified_gmt":"2024-11-13T10:20:46","slug":"partneret","status":"publish","type":"page","link":"https:\/\/www.piemontewine.al\/en\/partneret\/","title":{"rendered":"PARTNERS"},"content":{"rendered":"<div class=\"wpb-content-wrapper\"><div data-vc-full-width=\"true\" data-vc-full-width-init=\"false\" data-vc-stretch-content=\"true\" class=\"vc_row wpb_row vc_row-fluid gg-force-background-left vc_custom_1710975745241 reverse_columns_mobile vc_row-has-fill vc_row-o-equal-height vc_row-o-content-middle vc_row-flex\"><div class=\"wpb_column vc_column_container vc_col-sm-4 vc_col-lg-6 vc_col-md-6 vc_col-has-fill\"><div class=\"vc_column-inner  vc_custom_1708182922158\"><div class=\"wpb_wrapper\">\n\t<div class=\"wpb_raw_code wpb_content_element wpb_raw_html vc_custom_1713710174809\" >\n\t\t<div class=\"wpb_wrapper\">\n\t\t\t<div class=\"map_wrapper\" id=\"map_wrapper_3530\">\n<div class=\"map_box\" style=\"max-width:2000px\">\n<div class=\"map_aspect_ratio\" style=\"padding-top:60%\" data-padding-top=\"60%\" data-padding-top-mobile=\"90%\">\n<div class=\"map_container\">\n<div class=\"map_render map_loading\" id=\"map_3530\"><\/div>\n<\/div>\n<\/div>\n<\/div>\n<\/div>\n\t\t<\/div>\n\t<\/div>\n<\/div><\/div><\/div><div class=\"wpb_column vc_column_container vc_col-sm-8 vc_col-lg-6 vc_col-md-6\"><div class=\"vc_column-inner  vc_custom_1708187560135 vc_custom_1708187560137\"><div class=\"wpb_wrapper\">\n\t<div class=\"title-subtitle-box  vc_custom_1710345842293 vc_custom_1710345842294\" style=\" text-align: left;\">\n\t\t<p  style=\"\">Presentation of<\/p>\n\t\t<h1 style=\" font-style: normal;\">Our Partners<\/h1>\n\t<\/div> \n\t<div class=\"wpb_text_column wpb_content_element\" >\n\t\t<div class=\"wpb_wrapper\">\n\t\t\t<p>Explore Italy's rich winemaking heritage with our interactive map. <strong>The yellow regions show the areas where these wineries are located, and the red dots are the wineries with which we cooperate.<\/strong>Click on them to discover the fine wines we share, sourced directly from these venerable vineyards.<\/p>\n\n\t\t<\/div>\n\t<\/div>\n<\/div><\/div><\/div><\/div><div class=\"vc_row-full-width vc_clearfix\"><\/div>\n<\/div>","protected":false},"excerpt":{"rendered":"Prezantimi i Partner\u00ebve Tan\u00eb Eksploroni trash\u00ebgimin\u00eb e pasur t\u00eb prodhimit t\u00eb ver\u00ebs n\u00eb Itali me hart\u00ebn ton\u00eb interaktive. Rajonet me ngjyr\u00eb t\u00eb verdh\u00eb tregojn\u00eb zonat ku ndodhen k\u00ebto kantina, dhe<br class=\"read-more-spacer\"> <a class=\"more-link\" href=\"https:\/\/www.piemontewine.al\/en\/partneret\/\">Read More<\/a>","protected":false},"author":2,"featured_media":4310,"parent":0,"menu_order":0,"comment_status":"closed","ping_status":"closed","template":"","meta":{"footnotes":""},"class_list":["post-2552","page","type-page","status-publish","has-post-thumbnail","hentry"],"acf":[],"_links":{"self":[{"href":"https:\/\/www.piemontewine.al\/en\/wp-json\/wp\/v2\/pages\/2552","targetHints":{"allow":["GET"]}}],"collection":[{"href":"https:\/\/www.piemontewine.al\/en\/wp-json\/wp\/v2\/pages"}],"about":[{"href":"https:\/\/www.piemontewine.al\/en\/wp-json\/wp\/v2\/types\/page"}],"author":[{"embeddable":true,"href":"https:\/\/www.piemontewine.al\/en\/wp-json\/wp\/v2\/users\/2"}],"replies":[{"embeddable":true,"href":"https:\/\/www.piemontewine.al\/en\/wp-json\/wp\/v2\/comments?post=2552"}],"version-history":[{"count":70,"href":"https:\/\/www.piemontewine.al\/en\/wp-json\/wp\/v2\/pages\/2552\/revisions"}],"predecessor-version":[{"id":4438,"href":"https:\/\/www.piemontewine.al\/en\/wp-json\/wp\/v2\/pages\/2552\/revisions\/4438"}],"wp:featuredmedia":[{"embeddable":true,"href":"https:\/\/www.piemontewine.al\/en\/wp-json\/wp\/v2\/media\/4310"}],"wp:attachment":[{"href":"https:\/\/www.piemontewine.al\/en\/wp-json\/wp\/v2\/media?parent=2552"}],"curies":[{"name":"wp","href":"https:\/\/api.w.org\/{rel}","templated":true}]}}