{"id":183,"date":"2016-03-10T09:22:08","date_gmt":"2016-03-10T09:22:08","guid":{"rendered":"http:\/\/okthemes.com\/villenoirdemonew\/?page_id=183"},"modified":"2024-11-12T09:26:24","modified_gmt":"2024-11-12T09:26:24","slug":"kontakt","status":"publish","type":"page","link":"https:\/\/www.piemontewine.al\/en\/kontakt\/","title":{"rendered":"CONTACT"},"content":{"rendered":"<div class=\"wpb-content-wrapper\"><div data-vc-full-width=\"true\" data-vc-full-width-init=\"false\" class=\"vc_row wpb_row vc_row-fluid vc_custom_1617011745641 vc_row-has-fill\"><div class=\"wpb_column vc_column_container vc_col-sm-4\"><div class=\"vc_column-inner\"><div class=\"wpb_wrapper\">\n\t<div class=\"gg-infobox\" style=\"text-align:left;\">\n\t\t<p class=\"subtitle\" >Location<\/p>\n\t\t<div class=\"description\" style=\"color: #ffffff;\"><p style=\"color: #fff;\">Rruga Pylla Zeqirit, Tiran\u00eb 1001, Shqip\u00ebri<\/p>\n<p><a target=\"_blank\" style=\"color: #fff;\" href=\"https:\/\/maps.app.goo.gl\/TSPSxaMHjnjMiTCa9\" rel=\"noopener\">Get directions<\/a><\/p>\n<\/div>\n\t<\/div> <\/div><\/div><\/div><div class=\"wpb_column vc_column_container vc_col-sm-4\"><div class=\"vc_column-inner\"><div class=\"wpb_wrapper\">\n\t<div class=\"gg-infobox\" style=\"text-align:left;\">\n\t\t<p class=\"subtitle\" >CONTACT US<\/p>\n\t\t<div class=\"description\" style=\"color: #ffffff;\"><p><a style=\"color: #fff;\" href=\"mailto:info@piemontewine.al\">info@piemontewine.al<\/a><br \/>\n<a style=\"color: #fff;\" href=\"tel:+355693324262\">+355 69 332 4262<\/a><br \/>\n<a style=\"color: #fff;\" href=\"tel:+355692023604\">+355 69 202 3604<\/a><\/p>\n<\/div>\n\t<\/div> <\/div><\/div><\/div><div class=\"wpb_column vc_column_container vc_col-sm-4\"><div class=\"vc_column-inner\"><div class=\"wpb_wrapper\">\n\t<div class=\"gg-infobox\" style=\"text-align:left;\">\n\t\t<p class=\"subtitle\" >SOCIAL MEDIA<\/p>\n\t\t<div class=\"description\" style=\"color: #ffffff;\"><p><a style=\"color: #fff;\" href=\"https:\/\/www.instagram.com\/piemonte_wine\/\" target=\"_blank\" rel=\"noopener\"><i class=\"fa fa-instagram mr-4\" style=\"padding-right: 10px;\"><\/i>piemonte_wine<\/a><br \/>\n<a target=\"_blank\" style=\"color: #fff;\" href=\"https:\/\/www.instagram.com\/piemontewine_shop\/\" rel=\"noopener\"><i class=\"fa fa-instagram mr-4\" style=\"padding-right: 10px;\"><\/i>piemontewine_shop<\/a><a target=\"_blank\" style=\"color: #fff;\" href=\"https:\/\/www.facebook.com\/Piemonte_wine\/\" rel=\"noopener\"><br \/>\n<i class=\"fa fa-facebook mr-4\" style=\"padding-right: 10px;\"><\/i> Piemonte_wine<br \/>\n<\/a><\/p>\n<\/div>\n\t<\/div> <\/div><\/div><\/div><\/div><div class=\"vc_row-full-width vc_clearfix\"><\/div><div class=\"vc_row wpb_row vc_row-fluid\"><div class=\"wpb_column vc_column_container vc_col-sm-12\"><div class=\"vc_column-inner\"><div class=\"wpb_wrapper\"><div class=\"wpb_gmaps_widget wpb_content_element\"><div class=\"wpb_wrapper\"><div class=\"wpb_map_wraper\"><iframe src=\"https:\/\/www.google.com\/maps\/embed?pb=!1m18!1m12!1m3!1d128766.1546788958!2d19.768745839062504!3d41.29871939999999!2m3!1f0!2f0!3f0!3m2!1i1024!2i768!4f13.1!3m3!1m2!1s0x1350313c20061da5%3A0xeea2002cca0d965!2sPiemonte%20Wine%20Shop!5e1!3m2!1sen!2s!4v1730911076255!5m2!1sen!2s\" width=\"600\" height=\"450\" style=\"border:0;\" allowfullscreen=\"\" loading=\"lazy\" referrerpolicy=\"no-referrer-when-downgrade\"><\/iframe><\/div><\/div><\/div><\/div><\/div><\/div><\/div><div class=\"vc_row wpb_row vc_row-fluid\"><div class=\"wpb_column vc_column_container vc_col-sm-12\"><div class=\"vc_column-inner\"><div class=\"wpb_wrapper\">\n\t<div class=\"wpb_text_column wpb_content_element  vc_custom_1710589966468\" >\n\t\t<div class=\"wpb_wrapper\">\n\t\t\t<p>Share your requests with us by filling out the form below and Piemonte Wine staff will contact you as soon as possible.<\/p>\n\n\t\t<\/div>\n\t<\/div>\n\n<div class=\"wpcf7 no-js\" id=\"wpcf7-f3528-o1\" lang=\"en-US\" dir=\"ltr\" data-wpcf7-id=\"3528\">\n<div class=\"screen-reader-response\"><p role=\"status\" aria-live=\"polite\" aria-atomic=\"true\"><\/p> <ul><\/ul><\/div>\n<form action=\"\/en\/wp-json\/wp\/v2\/pages\/183#wpcf7-f3528-o1\" method=\"post\" class=\"wpcf7-form init\" aria-label=\"Contact form\" novalidate=\"novalidate\" data-status=\"init\" data-trp-original-action=\"\/en\/wp-json\/wp\/v2\/pages\/183#wpcf7-f3528-o1\">\n<div style=\"display: none;\">\n<input type=\"hidden\" name=\"_wpcf7\" value=\"3528\" \/>\n<input type=\"hidden\" name=\"_wpcf7_version\" value=\"6.0.5\" \/>\n<input type=\"hidden\" name=\"_wpcf7_locale\" value=\"en_US\" \/>\n<input type=\"hidden\" name=\"_wpcf7_unit_tag\" value=\"wpcf7-f3528-o1\" \/>\n<input type=\"hidden\" name=\"_wpcf7_container_post\" value=\"0\" \/>\n<input type=\"hidden\" name=\"_wpcf7_posted_data_hash\" value=\"\" \/>\n<input type=\"hidden\" name=\"_wpcf7_recaptcha_response\" value=\"\" \/>\n<\/div>\n<p><label> Name<br \/>\n<span class=\"wpcf7-form-control-wrap\" data-name=\"your-name\"><input size=\"40\" maxlength=\"400\" class=\"wpcf7-form-control wpcf7-text wpcf7-validates-as-required\" autocomplete=\"name\" aria-required=\"true\" aria-invalid=\"false\" value=\"\" type=\"text\" name=\"your-name\" \/><\/span> <\/label>\n<\/p>\n<p><label> Surname<br \/>\n<span class=\"wpcf7-form-control-wrap\" data-name=\"your-surname\"><input size=\"40\" maxlength=\"400\" class=\"wpcf7-form-control wpcf7-text wpcf7-validates-as-required\" autocomplete=\"surname\" aria-required=\"true\" aria-invalid=\"false\" value=\"\" type=\"text\" name=\"your-surname\" \/><\/span> <\/label>\n<\/p>\n<p><label> Email<br \/>\n<span class=\"wpcf7-form-control-wrap\" data-name=\"your-email\"><input size=\"40\" maxlength=\"400\" class=\"wpcf7-form-control wpcf7-email wpcf7-validates-as-required wpcf7-text wpcf7-validates-as-email\" autocomplete=\"email\" aria-required=\"true\" aria-invalid=\"false\" value=\"\" type=\"email\" name=\"your-email\" \/><\/span> <\/label>\n<\/p>\n<p><label> Phone Number<br \/>\n<span class=\"wpcf7-form-control-wrap\" data-name=\"tel-355\"><input size=\"40\" maxlength=\"400\" class=\"wpcf7-form-control wpcf7-tel wpcf7-validates-as-required wpcf7-text wpcf7-validates-as-tel\" aria-required=\"true\" aria-invalid=\"false\" value=\"\" type=\"tel\" name=\"tel-355\" \/><\/span> <\/label>\n<\/p>\n<p><label> Your Message<br \/>\n<span class=\"wpcf7-form-control-wrap\" data-name=\"your-message\"><textarea cols=\"40\" rows=\"10\" maxlength=\"2000\" class=\"wpcf7-form-control wpcf7-textarea wpcf7-validates-as-required\" aria-required=\"true\" aria-invalid=\"false\" name=\"your-message\"><\/textarea><\/span> <\/label>\n<\/p>\n<span class=\"wpcf7-form-control-wrap recaptcha\" data-name=\"recaptcha\"><span data-sitekey=\"6LdLgH0pAAAAAGkb_M23WJycUXhNPJ9cP2JJq6QQ\" class=\"wpcf7-form-control wpcf7-recaptcha g-recaptcha\"><\/span>\r\n<noscript>\r\n\t<div class=\"grecaptcha-noscript\">\r\n\t\t<iframe loading=\"lazy\" src=\"https:\/\/www.google.com\/recaptcha\/api\/fallback?k=6LdLgH0pAAAAAGkb_M23WJycUXhNPJ9cP2JJq6QQ\" frameborder=\"0\" scrolling=\"no\" width=\"310\" height=\"430\">\r\n\t\t<\/iframe>\r\n\t\t<textarea name=\"g-recaptcha-response\" rows=\"3\" cols=\"40\" placeholder=\"reCaptcha Response Here\">\r\n\t\t<\/textarea>\r\n\t<\/div>\r\n<\/noscript>\r\n<\/span>\n<p><input class=\"wpcf7-form-control wpcf7-submit has-spinner\" type=\"submit\" value=\"Send Message\" \/>\n<\/p><div class=\"wpcf7-response-output\" aria-hidden=\"true\"><\/div>\n<input type=\"hidden\" name=\"trp-form-language\" value=\"en\"\/><\/form>\n<\/div>\n<\/div><\/div><\/div><\/div>\n<\/div>","protected":false},"excerpt":{"rendered":"Vendndodhja Rruga Pylla Zeqirit, Tiran\u00eb 1001, Shqip\u00ebri Shiko n\u00eb hart\u00eb Na kontakto info@piemontewine.al +355 69 332 4262 +355 69 202 3604 Rrjetet sociale piemonte_wine piemontewine_shop Piemonte_wine Ndani k\u00ebrkesat tuaja me<br class=\"read-more-spacer\"> <a class=\"more-link\" href=\"https:\/\/www.piemontewine.al\/en\/kontakt\/\">Read More<\/a>","protected":false},"author":1,"featured_media":4305,"parent":0,"menu_order":0,"comment_status":"closed","ping_status":"closed","template":"theme-templates\/contact.php","meta":{"footnotes":""},"class_list":["post-183","page","type-page","status-publish","has-post-thumbnail","hentry"],"acf":[],"_links":{"self":[{"href":"https:\/\/www.piemontewine.al\/en\/wp-json\/wp\/v2\/pages\/183","targetHints":{"allow":["GET"]}}],"collection":[{"href":"https:\/\/www.piemontewine.al\/en\/wp-json\/wp\/v2\/pages"}],"about":[{"href":"https:\/\/www.piemontewine.al\/en\/wp-json\/wp\/v2\/types\/page"}],"author":[{"embeddable":true,"href":"https:\/\/www.piemontewine.al\/en\/wp-json\/wp\/v2\/users\/1"}],"replies":[{"embeddable":true,"href":"https:\/\/www.piemontewine.al\/en\/wp-json\/wp\/v2\/comments?post=183"}],"version-history":[{"count":82,"href":"https:\/\/www.piemontewine.al\/en\/wp-json\/wp\/v2\/pages\/183\/revisions"}],"predecessor-version":[{"id":4435,"href":"https:\/\/www.piemontewine.al\/en\/wp-json\/wp\/v2\/pages\/183\/revisions\/4435"}],"wp:featuredmedia":[{"embeddable":true,"href":"https:\/\/www.piemontewine.al\/en\/wp-json\/wp\/v2\/media\/4305"}],"wp:attachment":[{"href":"https:\/\/www.piemontewine.al\/en\/wp-json\/wp\/v2\/media?parent=183"}],"curies":[{"name":"wp","href":"https:\/\/api.w.org\/{rel}","templated":true}]}}